{"id":404,"date":"2023-09-25T10:05:04","date_gmt":"2023-09-25T10:05:04","guid":{"rendered":"https:\/\/llh.detserv.dk\/?page_id=404"},"modified":"2023-09-25T13:18:47","modified_gmt":"2023-09-25T13:18:47","slug":"faellesskaerm-fuld-med-logo","status":"publish","type":"page","link":"https:\/\/llh.detserv.dk\/index.php\/faellesskaerm-fuld-med-logo\/","title":{"rendered":"F\u00e6llessk\u00e6rm Fuld Med Logo"},"content":{"rendered":"<div data-colibri-id=\"404-c1\" class=\"style-592 style-local-404-c1 position-relative\">\n  <!---->\n  <div data-colibri-component=\"section\" data-colibri-id=\"404-c2\" id=\"custom\" class=\"h-section h-section-global-spacing d-flex align-items-lg-start align-items-md-start align-items-start style-593 style-local-404-c2 position-relative\">\n    <!---->\n    <!---->\n    <div class=\"h-section-grid-container h-section-fluid-container\">\n      <!---->\n      <div data-colibri-id=\"404-c3\" class=\"h-row-container gutters-row-lg-0 gutters-row-md-0 gutters-row-0 gutters-row-v-lg-0 gutters-row-v-md-0 gutters-row-v-0 style-594 style-local-404-c3 position-relative\">\n        <!---->\n        <div class=\"h-row justify-content-lg-center justify-content-md-center justify-content-center align-items-lg-center align-items-md-center align-items-center gutters-col-lg-0 gutters-col-md-0 gutters-col-0 gutters-col-v-lg-0 gutters-col-v-md-0 gutters-col-v-0\">\n          <!---->\n          <div class=\"h-column h-column-container d-flex h-col-lg h-col-md-auto h-col-auto align-self-lg-center align-self-md-center align-self-center style-595-outer style-local-404-c4-outer\">\n            <div data-colibri-id=\"404-c4\" class=\"d-flex h-flex-basis h-column__inner h-px-lg-0 h-px-md-0 h-px-0 v-inner-lg-0 v-inner-md-0 v-inner-0 style-595 style-local-404-c4 position-relative\">\n              <!---->\n              <!---->\n              <div class=\"w-100 h-y-container h-column__content h-column__v-align flex-basis-100 align-self-lg-center align-self-md-center align-self-center\">\n                <!---->\n                <div data-colibri-component=\"slider\" data-colibri-id=\"404-c5\" class=\"h-slider d-flex style-596 style-local-404-c5 position-relative\">\n                  <!---->\n                  <div class=\"swiper-container h-row-container gutters-row-lg-0 gutters-row-md-0 gutters-row-0 gutters-row-v-lg-0 gutters-row-v-md-0 gutters-row-v-0 ken-burns-effect h-overflow-hidden\">\n                    <div class=\"swiper-wrapper h-row justify-content-lg-start justify-content-md-start justify-content-start align-items-lg-stretch align-items-md-stretch align-items-stretch gutters-col-lg-0 gutters-col-md-0 gutters-col-0 gutters-col-v-lg-0 gutters-col-v-md-0 gutters-col-v-0\">\n                      <div data-colibri-component=\"link\" data-href=\"\" class=\"h-slider-item swiper-slide h-column h-column-container d-flex h-col-auto style-665-outer style-local-404-c6-outer\">\n                        <div data-colibri-id=\"404-c6\" class=\"w-100 h-swiper-item__inner d-flex h-flex-basis h-HopSliderItem__inner h-px-lg-3 h-px-md-3 h-px-3 v-inner-lg-3 v-inner-md-3 v-inner-3 style-596-images style-local-404-c5-images style-665 style-local-404-c6 position-relative\">\n                          <div class=\"background-wrapper\">\n                            <div class=\"background-layer background-layer-media-container-lg\">\n                              <div data-enabled=\"false\" data-colibri-component=\"parallax\" class=\"background-layer\" model-id=\"404-c6\" media=\"desktop\" is-preview=\"true\" style=\"background-position: center center; background-size: cover; background-image: url(&quot;https:\/\/llh.detserv.dk\/wp-content\/uploads\/2023\/04\/colibri-image-634.jpg&quot;); background-attachment: scroll; background-repeat: no-repeat;\"><\/div>\n                              <div class=\"overlay-layer\">\n                                <div class=\"overlay-image-layer\" style=\"background-color: rgb(255, 255, 255); opacity: 0.1;\"><\/div>\n                                <div class=\"shape-layer colibri-shape-circles\" style=\"background-position: center center; background-size: cover; background-repeat: no-repeat; filter: invert(78%);\"><\/div>\n                              <\/div>\n                            <\/div>\n                            <div class=\"background-layer background-layer-media-container-md\">\n                              <div data-enabled=\"false\" data-colibri-component=\"parallax\" class=\"background-layer\" model-id=\"404-c6\" media=\"tablet\" is-preview=\"true\" style=\"background-position: center center; background-size: cover; background-image: url(&quot;https:\/\/llh.detserv.dk\/wp-content\/uploads\/2023\/04\/colibri-image-634.jpg&quot;); background-attachment: scroll; background-repeat: no-repeat;\"><\/div>\n                              <div class=\"overlay-layer\">\n                                <div class=\"overlay-image-layer\" style=\"background-color: rgb(255, 255, 255); opacity: 0.1;\"><\/div>\n                                <div class=\"shape-layer colibri-shape-circles\" style=\"background-position: center center; background-size: cover; background-repeat: no-repeat; filter: invert(78%);\"><\/div>\n                              <\/div>\n                            <\/div>\n                            <div class=\"background-layer background-layer-media-container\">\n                              <div data-enabled=\"false\" data-colibri-component=\"parallax\" class=\"background-layer\" model-id=\"404-c6\" media=\"mobile\" is-preview=\"true\" style=\"background-position: center center; background-size: cover; background-image: url(&quot;https:\/\/llh.detserv.dk\/wp-content\/uploads\/2023\/04\/colibri-image-634.jpg&quot;); background-attachment: scroll; background-repeat: no-repeat;\"><\/div>\n                              <div class=\"overlay-layer\">\n                                <div class=\"overlay-image-layer\" style=\"background-color: rgb(255, 255, 255); opacity: 0.1;\"><\/div>\n                                <div class=\"shape-layer colibri-shape-circles\" style=\"background-position: center center; background-size: cover; background-repeat: no-repeat; filter: invert(78%);\"><\/div>\n                              <\/div>\n                            <\/div>\n                          <\/div>\n                          <div class=\"w-100 h-100 d-flex justify-content-lg-center justify-content-md-center justify-content-center align-items-lg-center align-items-md-center align-items-center\">\n                            <div class=\"w-100 h-y-container h-column__content h-column__v-align flex-basis-100 align-self-lg-start align-self-md-start align-self-start h-slider-item-content-wrapper\">\n                              <!---->\n                              <div data-colibri-id=\"404-c7\" class=\"h-row-container gutters-row-lg-2 gutters-row-md-2 gutters-row-0 gutters-row-v-lg-2 gutters-row-v-md-2 gutters-row-v-2 style-666 style-local-404-c7 position-relative\">\n                                <!---->\n                                <div class=\"h-row justify-content-lg-center justify-content-md-center justify-content-center align-items-lg-center align-items-md-center align-items-center gutters-col-lg-2 gutters-col-md-2 gutters-col-0 gutters-col-v-lg-2 gutters-col-v-md-2 gutters-col-v-2\">\n                                  <!---->\n                                  <div class=\"h-column h-column-container d-flex h-col-lg-auto h-col-md-auto h-col-auto align-self-lg-center align-self-md-center align-self-center style-667-outer style-local-404-c8-outer\">\n                                    <div data-colibri-id=\"404-c8\" class=\"d-flex h-flex-basis h-column__inner h-px-lg-2 h-px-md-2 h-px-2 v-inner-lg-2 v-inner-md-2 v-inner-2 style-667 style-local-404-c8 position-relative\">\n                                      <!---->\n                                      <!---->\n                                      <div class=\"w-100 h-y-container h-column__content h-column__v-align flex-basis-100 align-self-lg-center align-self-md-center align-self-center\">\n                                        <!---->\n                                        <div data-colibri-id=\"404-c9\" class=\"d-block style-668 style-local-404-c9 position-relative h-element\">\n                                          <!---->\n                                          <div class=\"h-image__frame-container-outer\">\n                                            <div class=\"h-image__frame-container\">\n                                              <!---->\n                                              <!---->\n                                              <img loading=\"lazy\" decoding=\"async\" width=\"1900\" height=\"1900\" src=\"https:\/\/llh.detserv.dk\/wp-content\/uploads\/2023\/09\/LLH_whiteBG.png\" class=\"wp-image-275 style-668-image style-local-404-c9-image\" alt=\"\" srcset=\"https:\/\/llh.detserv.dk\/wp-content\/uploads\/2023\/09\/LLH_whiteBG.png 1900w, https:\/\/llh.detserv.dk\/wp-content\/uploads\/2023\/09\/LLH_whiteBG-300x300.png 300w, https:\/\/llh.detserv.dk\/wp-content\/uploads\/2023\/09\/LLH_whiteBG-1024x1024.png 1024w, https:\/\/llh.detserv.dk\/wp-content\/uploads\/2023\/09\/LLH_whiteBG-150x150.png 150w, https:\/\/llh.detserv.dk\/wp-content\/uploads\/2023\/09\/LLH_whiteBG-768x768.png 768w, https:\/\/llh.detserv.dk\/wp-content\/uploads\/2023\/09\/LLH_whiteBG-1536x1536.png 1536w\" sizes=\"auto, (max-width: 1900px) 100vw, 1900px\" \/>\n                                              <div class=\"h-image__frame h-hide-lg h-hide-md h-hide-sm style-668-frameImage style-local-404-c9-frameImage\"><\/div>\n                                            <\/div>\n                                          <\/div>\n                                        <\/div>\n                                      <\/div>\n                                    <\/div>\n                                  <\/div>\n                                  <div class=\"h-column h-column-container d-flex h-col-lg h-col-md h-col-auto align-self-lg-center align-self-md-center align-self-center style-669-outer style-local-404-c10-outer\">\n                                    <div data-colibri-id=\"404-c10\" class=\"d-flex h-flex-basis h-column__inner h-px-lg-2 h-px-md-2 h-px-2 v-inner-lg-2 v-inner-md-2 v-inner-2 style-669 style-local-404-c10 position-relative\">\n                                      <!---->\n                                      <!---->\n                                      <div class=\"w-100 h-y-container h-column__content h-column__v-align flex-basis-100 align-self-lg-center align-self-md-center align-self-center\">\n                                        <!---->\n                                        <div data-colibri-id=\"404-c11\" class=\"h-global-transition-all h-heading style-670 style-local-404-c11 position-relative h-element\">\n                                          <!---->\n                                          <div class=\"h-heading__outer style-670 style-local-404-c11\">\n                                            <!---->\n                                            <!---->\n                                            <h1 class=\"\">Lundby Lager Hotel<\/h1>\n                                          <\/div>\n                                        <\/div>\n                                      <\/div>\n                                    <\/div>\n                                  <\/div>\n                                <\/div>\n                              <\/div>\n                              <div data-colibri-id=\"404-c12\" class=\"h-row-container gutters-row-lg-2 gutters-row-md-2 gutters-row-0 gutters-row-v-lg-2 gutters-row-v-md-2 gutters-row-v-2 style-671 style-local-404-c12 position-relative\">\n                                <!---->\n                                <div class=\"h-row justify-content-lg-center justify-content-md-center justify-content-center align-items-lg-center align-items-md-center align-items-center gutters-col-lg-2 gutters-col-md-2 gutters-col-0 gutters-col-v-lg-2 gutters-col-v-md-2 gutters-col-v-2\">\n                                  <!---->\n                                  <div class=\"h-column h-column-container d-flex h-col-lg-auto h-col-md-auto h-col-auto align-self-lg-center align-self-md-center align-self-center style-672-outer style-local-404-c13-outer\">\n                                    <div data-colibri-id=\"404-c13\" class=\"d-flex h-flex-basis h-column__inner h-px-lg-2 h-px-md-2 h-px-2 v-inner-lg-2 v-inner-md-2 v-inner-2 style-672 style-local-404-c13 position-relative\">\n                                      <!---->\n                                      <!---->\n                                      <div class=\"w-100 h-y-container h-column__content h-column__v-align flex-basis-auto align-self-lg-center align-self-md-center align-self-center\">\n                                        <!---->\n                                        <div data-colibri-id=\"404-c14\" class=\"h-global-transition-all h-heading style-673 style-local-404-c14 position-relative h-element\">\n                                          <!---->\n                                          <div class=\"h-heading__outer style-673 style-local-404-c14\">\n                                            <!---->\n                                            <!---->\n                                            <h3 class=\"\"><span data-animation-duration=\"6.8\" data-type-animation=\"slide\" data-colibri-component=\"fancy-title\"><span class=\"ah-headline slide\"><span style=\"position: relative\" class=\"ah-words-wrapper\"><b class=\"is-visible\">Ingen&nbsp;uvedkommende&nbsp;har&nbsp;adgang!<\/b><b>Elektrisk&nbsp;port&nbsp;og&nbsp;l\u00e6sse&nbsp;rampe<\/b><b>Personlig&nbsp;adgangskode<\/b><b>D\u00f8gn&nbsp;Overv\u00e5gning<\/b><b>Isolerede&nbsp;og&nbsp;opvarmede&nbsp;lokaler<\/b><b>Gratis&nbsp;l\u00e5ne&nbsp;trailer&nbsp;til&nbsp;vores&nbsp;kunder<\/b><b>Best&nbsp;in&nbsp;Town!<\/b><b>Adgang&nbsp;24\/7&nbsp;for&nbsp;kunder<\/b><\/span><\/span>\n                                              <\/span>\n                                            <\/h3>\n                                          <\/div>\n                                        <\/div>\n                                      <\/div>\n                                    <\/div>\n                                  <\/div>\n                                <\/div>\n                              <\/div>\n                            <\/div>\n                          <\/div>\n                        <\/div>\n                      <\/div>\n                    <\/div>\n                    <div class=\"resize-triggers\">\n                      <div class=\"expand-trigger\">\n                        <div style=\"width: 1px; height: 1px;\"><\/div>\n                      <\/div>\n                      <div class=\"contract-trigger\"><\/div>\n                    <\/div>\n                  <\/div>\n                <\/div>\n              <\/div>\n            <\/div>\n          <\/div>\n        <\/div>\n      <\/div>\n    <\/div>\n  <\/div>\n  <div data-colibri-component=\"section\" data-colibri-id=\"404-c20\" id=\"custom-2\" class=\"h-section h-section-global-spacing d-flex align-items-lg-center align-items-md-center align-items-center style-639 style-local-404-c20 position-relative\">\n    <!---->\n    <!---->\n    <div class=\"h-section-grid-container h-section-boxed-container\">\n      <!---->\n      <div data-colibri-id=\"404-c21\" class=\"h-row-container gutters-row-lg-2 gutters-row-md-2 gutters-row-0 gutters-row-v-lg-2 gutters-row-v-md-2 gutters-row-v-2 style-640 style-local-404-c21 position-relative\">\n        <!---->\n        <div class=\"h-row justify-content-lg-center justify-content-md-center justify-content-center align-items-lg-stretch align-items-md-stretch align-items-stretch gutters-col-lg-2 gutters-col-md-2 gutters-col-0 gutters-col-v-lg-2 gutters-col-v-md-2 gutters-col-v-2\">\n          <!---->\n          <div class=\"h-column h-column-container d-flex h-col-lg-auto h-col-md-auto h-col-auto style-641-outer style-local-404-c22-outer\">\n            <div data-colibri-id=\"404-c22\" class=\"d-flex h-flex-basis h-column__inner h-ui-empty-state-container h-px-lg-2 h-px-md-2 h-px-2 v-inner-lg-2 v-inner-md-2 v-inner-2 style-641 style-local-404-c22 position-relative\">\n              <!---->\n              <!---->\n              <div class=\"w-100 h-y-container h-column__content h-column__v-align flex-basis-100\">\n                <!---->\n              <\/div>\n            <\/div>\n          <\/div>\n        <\/div>\n      <\/div>\n    <\/div>\n  <\/div>\n<\/div>","protected":false},"excerpt":{"rendered":"<p>Lundby Lager Hotel Ingen&nbsp;uvedkommende&nbsp;har&nbsp;adgang!Elektrisk&nbsp;port&nbsp;og&nbsp;l\u00e6sse&nbsp;rampePersonlig&nbsp;adgangskodeD\u00f8gn&nbsp;Overv\u00e5gningIsolerede&nbsp;og&nbsp;opvarmede&nbsp;lokalerGratis&nbsp;l\u00e5ne&nbsp;trailer&nbsp;til&nbsp;vores&nbsp;kunderBest&nbsp;in&nbsp;Town!Adgang&nbsp;24\/7&nbsp;for&nbsp;kunder<\/p>\n","protected":false},"author":1,"featured_media":0,"parent":0,"menu_order":0,"comment_status":"closed","ping_status":"closed","template":"page-templates\/full-width-page.php","meta":{"footnotes":""},"class_list":["post-404","page","type-page","status-publish","hentry"],"_links":{"self":[{"href":"https:\/\/llh.detserv.dk\/index.php\/wp-json\/wp\/v2\/pages\/404","targetHints":{"allow":["GET"]}}],"collection":[{"href":"https:\/\/llh.detserv.dk\/index.php\/wp-json\/wp\/v2\/pages"}],"about":[{"href":"https:\/\/llh.detserv.dk\/index.php\/wp-json\/wp\/v2\/types\/page"}],"author":[{"embeddable":true,"href":"https:\/\/llh.detserv.dk\/index.php\/wp-json\/wp\/v2\/users\/1"}],"replies":[{"embeddable":true,"href":"https:\/\/llh.detserv.dk\/index.php\/wp-json\/wp\/v2\/comments?post=404"}],"version-history":[{"count":11,"href":"https:\/\/llh.detserv.dk\/index.php\/wp-json\/wp\/v2\/pages\/404\/revisions"}],"predecessor-version":[{"id":474,"href":"https:\/\/llh.detserv.dk\/index.php\/wp-json\/wp\/v2\/pages\/404\/revisions\/474"}],"wp:attachment":[{"href":"https:\/\/llh.detserv.dk\/index.php\/wp-json\/wp\/v2\/media?parent=404"}],"curies":[{"name":"wp","href":"https:\/\/api.w.org\/{rel}","templated":true}]}}